{"id":972,"date":"2019-03-23T07:21:01","date_gmt":"2019-03-23T14:21:01","guid":{"rendered":"https:\/\/sigurdursaevarsson.com\/?page_id=972"},"modified":"2020-01-22T06:18:34","modified_gmt":"2020-01-22T13:18:34","slug":"ave-maria","status":"publish","type":"page","link":"https:\/\/sigurdursaevarsson.com\/?page_id=972","title":{"rendered":"Ave Maria"},"content":{"rendered":"\n<figure class=\"wp-block-image\"><img loading=\"lazy\" decoding=\"async\" width=\"275\" height=\"183\" src=\"https:\/\/sigurdursaevarsson.com\/wp-content\/uploads\/2019\/03\/54522068_1211130969063595_4348201933870202880_n.jpg\" alt=\"\" class=\"wp-image-982\"\/><\/figure>\n\n\n\n<p>Ave Maria<br>(2018) For choir S.A.T.B. (4.min.)<br>Premiered by Hymnodia chamber choir, conducted by Ey\u00fe\u00f3r Ingi J\u00f3nsson, on the 4th of April 2019, at Akureyrarkirkja, Akureyri, Iceland.<\/p>\n\n\n\n<p>Also available SSAA<\/p>\n","protected":false},"excerpt":{"rendered":"<p>Ave Maria(2018) For choir S.A.T.B. (4.min.)Premiered by Hymnodia chamber choir, conducted by Ey\u00fe\u00f3r Ingi J\u00f3nsson, on the 4th of April 2019, at Akureyrarkirkja, Akureyri, Iceland. Also available SSAA<\/p>\n","protected":false},"author":3,"featured_media":0,"parent":3,"menu_order":0,"comment_status":"closed","ping_status":"closed","template":"","meta":{"footnotes":""},"class_list":["post-972","page","type-page","status-publish","hentry"],"_links":{"self":[{"href":"https:\/\/sigurdursaevarsson.com\/index.php?rest_route=\/wp\/v2\/pages\/972","targetHints":{"allow":["GET"]}}],"collection":[{"href":"https:\/\/sigurdursaevarsson.com\/index.php?rest_route=\/wp\/v2\/pages"}],"about":[{"href":"https:\/\/sigurdursaevarsson.com\/index.php?rest_route=\/wp\/v2\/types\/page"}],"author":[{"embeddable":true,"href":"https:\/\/sigurdursaevarsson.com\/index.php?rest_route=\/wp\/v2\/users\/3"}],"replies":[{"embeddable":true,"href":"https:\/\/sigurdursaevarsson.com\/index.php?rest_route=%2Fwp%2Fv2%2Fcomments&post=972"}],"version-history":[{"count":6,"href":"https:\/\/sigurdursaevarsson.com\/index.php?rest_route=\/wp\/v2\/pages\/972\/revisions"}],"predecessor-version":[{"id":1103,"href":"https:\/\/sigurdursaevarsson.com\/index.php?rest_route=\/wp\/v2\/pages\/972\/revisions\/1103"}],"up":[{"embeddable":true,"href":"https:\/\/sigurdursaevarsson.com\/index.php?rest_route=\/wp\/v2\/pages\/3"}],"wp:attachment":[{"href":"https:\/\/sigurdursaevarsson.com\/index.php?rest_route=%2Fwp%2Fv2%2Fmedia&parent=972"}],"curies":[{"name":"wp","href":"https:\/\/api.w.org\/{rel}","templated":true}]}}