{"id":915,"date":"2018-12-08T09:53:15","date_gmt":"2018-12-08T16:53:15","guid":{"rendered":"https:\/\/sigurdursaevarsson.com\/?page_id=915"},"modified":"2018-12-10T06:38:03","modified_gmt":"2018-12-10T13:38:03","slug":"ave-verum-corpus","status":"publish","type":"page","link":"https:\/\/sigurdursaevarsson.com\/?page_id=915","title":{"rendered":"Ave verum corpus"},"content":{"rendered":"<p><img loading=\"lazy\" decoding=\"async\" src=\"https:\/\/sigurdursaevarsson.com\/wp-content\/uploads\/2018\/12\/180329144241-03-easter-metoo-moment-restricted-exlarge-169-1-460x278.jpg\" alt=\"\" width=\"460\" height=\"278\" class=\"size-large wp-image-919\" srcset=\"https:\/\/sigurdursaevarsson.com\/wp-content\/uploads\/2018\/12\/180329144241-03-easter-metoo-moment-restricted-exlarge-169-1-460x278.jpg 460w, https:\/\/sigurdursaevarsson.com\/wp-content\/uploads\/2018\/12\/180329144241-03-easter-metoo-moment-restricted-exlarge-169-1-300x181.jpg 300w, https:\/\/sigurdursaevarsson.com\/wp-content\/uploads\/2018\/12\/180329144241-03-easter-metoo-moment-restricted-exlarge-169-1.jpg 719w\" sizes=\"auto, (max-width: 460px) 100vw, 460px\" \/><br \/>\nAve verum corpus<br \/>\n(2018) for choir SATB (4 min.)<br \/>\nPremiered by Schola cantorum, conducted by H\u00f6r\u00f0ur \u00c1skelsson, on the 27th of January 2019, in Hallgr\u00edmskirkja, Reykjav\u00edk, Iceland.<\/p>\n","protected":false},"excerpt":{"rendered":"<p>Ave verum corpus (2018) for choir SATB (4 min.) Premiered by Schola cantorum, conducted by H\u00f6r\u00f0ur \u00c1skelsson, on the 27th of January 2019, in Hallgr\u00edmskirkja, Reykjav\u00edk, Iceland.<\/p>\n","protected":false},"author":3,"featured_media":0,"parent":3,"menu_order":0,"comment_status":"closed","ping_status":"closed","template":"","meta":{"footnotes":""},"class_list":["post-915","page","type-page","status-publish","hentry"],"_links":{"self":[{"href":"https:\/\/sigurdursaevarsson.com\/index.php?rest_route=\/wp\/v2\/pages\/915","targetHints":{"allow":["GET"]}}],"collection":[{"href":"https:\/\/sigurdursaevarsson.com\/index.php?rest_route=\/wp\/v2\/pages"}],"about":[{"href":"https:\/\/sigurdursaevarsson.com\/index.php?rest_route=\/wp\/v2\/types\/page"}],"author":[{"embeddable":true,"href":"https:\/\/sigurdursaevarsson.com\/index.php?rest_route=\/wp\/v2\/users\/3"}],"replies":[{"embeddable":true,"href":"https:\/\/sigurdursaevarsson.com\/index.php?rest_route=%2Fwp%2Fv2%2Fcomments&post=915"}],"version-history":[{"count":4,"href":"https:\/\/sigurdursaevarsson.com\/index.php?rest_route=\/wp\/v2\/pages\/915\/revisions"}],"predecessor-version":[{"id":921,"href":"https:\/\/sigurdursaevarsson.com\/index.php?rest_route=\/wp\/v2\/pages\/915\/revisions\/921"}],"up":[{"embeddable":true,"href":"https:\/\/sigurdursaevarsson.com\/index.php?rest_route=\/wp\/v2\/pages\/3"}],"wp:attachment":[{"href":"https:\/\/sigurdursaevarsson.com\/index.php?rest_route=%2Fwp%2Fv2%2Fmedia&parent=915"}],"curies":[{"name":"wp","href":"https:\/\/api.w.org\/{rel}","templated":true}]}}