{"id":911,"date":"2018-12-08T09:45:02","date_gmt":"2018-12-08T16:45:02","guid":{"rendered":"https:\/\/sigurdursaevarsson.com\/?page_id=911"},"modified":"2018-12-10T06:37:49","modified_gmt":"2018-12-10T13:37:49","slug":"o-sacrum-convivial","status":"publish","type":"page","link":"https:\/\/sigurdursaevarsson.com\/?page_id=911","title":{"rendered":"O sacrum convivial"},"content":{"rendered":"<p><img loading=\"lazy\" decoding=\"async\" src=\"https:\/\/sigurdursaevarsson.com\/wp-content\/uploads\/2018\/12\/last-supper6-460x176.jpg\" alt=\"\" width=\"460\" height=\"176\" class=\"alignnone size-large wp-image-912\" srcset=\"https:\/\/sigurdursaevarsson.com\/wp-content\/uploads\/2018\/12\/last-supper6-460x176.jpg 460w, https:\/\/sigurdursaevarsson.com\/wp-content\/uploads\/2018\/12\/last-supper6-300x115.jpg 300w, https:\/\/sigurdursaevarsson.com\/wp-content\/uploads\/2018\/12\/last-supper6.jpg 653w\" sizes=\"auto, (max-width: 460px) 100vw, 460px\" \/><br \/>\nO sacrum convivium<br \/>\n(2018) for choir SATB (3 min.)<br \/>\nCommissioned by Hymnodia Chamber Choir.<br \/>\nPremiered by Hymnodia, conducted by Ey\u00fe\u00f3r Ingi J\u00f3nsson<\/p>\n","protected":false},"excerpt":{"rendered":"<p>O sacrum convivium (2018) for choir SATB (3 min.) Commissioned by Hymnodia Chamber Choir. Premiered by Hymnodia, conducted by Ey\u00fe\u00f3r Ingi J\u00f3nsson<\/p>\n","protected":false},"author":3,"featured_media":0,"parent":3,"menu_order":0,"comment_status":"closed","ping_status":"closed","template":"","meta":{"footnotes":""},"class_list":["post-911","page","type-page","status-publish","hentry"],"_links":{"self":[{"href":"https:\/\/sigurdursaevarsson.com\/index.php?rest_route=\/wp\/v2\/pages\/911","targetHints":{"allow":["GET"]}}],"collection":[{"href":"https:\/\/sigurdursaevarsson.com\/index.php?rest_route=\/wp\/v2\/pages"}],"about":[{"href":"https:\/\/sigurdursaevarsson.com\/index.php?rest_route=\/wp\/v2\/types\/page"}],"author":[{"embeddable":true,"href":"https:\/\/sigurdursaevarsson.com\/index.php?rest_route=\/wp\/v2\/users\/3"}],"replies":[{"embeddable":true,"href":"https:\/\/sigurdursaevarsson.com\/index.php?rest_route=%2Fwp%2Fv2%2Fcomments&post=911"}],"version-history":[{"count":2,"href":"https:\/\/sigurdursaevarsson.com\/index.php?rest_route=\/wp\/v2\/pages\/911\/revisions"}],"predecessor-version":[{"id":914,"href":"https:\/\/sigurdursaevarsson.com\/index.php?rest_route=\/wp\/v2\/pages\/911\/revisions\/914"}],"up":[{"embeddable":true,"href":"https:\/\/sigurdursaevarsson.com\/index.php?rest_route=\/wp\/v2\/pages\/3"}],"wp:attachment":[{"href":"https:\/\/sigurdursaevarsson.com\/index.php?rest_route=%2Fwp%2Fv2%2Fmedia&parent=911"}],"curies":[{"name":"wp","href":"https:\/\/api.w.org\/{rel}","templated":true}]}}