{"id":743,"date":"2017-08-19T06:09:46","date_gmt":"2017-08-19T13:09:46","guid":{"rendered":"https:\/\/sigurdursaevarsson.com\/?page_id=743"},"modified":"2018-05-18T08:10:01","modified_gmt":"2018-05-18T15:10:01","slug":"pater-noster","status":"publish","type":"page","link":"https:\/\/sigurdursaevarsson.com\/?page_id=743","title":{"rendered":"Pater noster"},"content":{"rendered":"<p><img loading=\"lazy\" decoding=\"async\" src=\"https:\/\/sigurdursaevarsson.com\/wp-content\/uploads\/2017\/08\/Pater-noster-460x304.jpg\" alt=\"\" width=\"460\" height=\"304\" class=\"alignnone size-large wp-image-744\" srcset=\"https:\/\/sigurdursaevarsson.com\/wp-content\/uploads\/2017\/08\/Pater-noster-460x304.jpg 460w, https:\/\/sigurdursaevarsson.com\/wp-content\/uploads\/2017\/08\/Pater-noster-300x198.jpg 300w, https:\/\/sigurdursaevarsson.com\/wp-content\/uploads\/2017\/08\/Pater-noster-768x507.jpg 768w, https:\/\/sigurdursaevarsson.com\/wp-content\/uploads\/2017\/08\/Pater-noster.jpg 1361w\" sizes=\"auto, (max-width: 460px) 100vw, 460px\" \/><br \/>\nPater noster<br \/>\n(2017) for choir: sopranos, altos, baritones and organ (5:30 min.)<br \/>\nCommissioned by Arnger\u00f0ur Mar\u00eda \u00c1rnad\u00f3ttir and Bjartur Logi Gu\u00f0nason.<br \/>\nPremiered by the choirs of Grindav\u00edk Church and Laugarnes Church, El\u00edsabet \u00de\u00f3r\u00f0ard\u00f3ttir, organ, conducted by Erla Rut K\u00e1rad\u00f3ttir, on the 23rd of May in Grindav\u00edk Church and on the 24th of May at Laugarnes Church, Reykjav\u00edk, Iceland.<\/p>\n","protected":false},"excerpt":{"rendered":"<p>Pater noster (2017) for choir: sopranos, altos, baritones and organ (5:30 min.) Commissioned by Arnger\u00f0ur Mar\u00eda \u00c1rnad\u00f3ttir and Bjartur Logi Gu\u00f0nason. Premiered by the choirs of Grindav\u00edk Church and Laugarnes Church, El\u00edsabet \u00de\u00f3r\u00f0ard\u00f3ttir, organ, conducted by Erla Rut K\u00e1rad\u00f3ttir, on the 23rd of May in Grindav\u00edk Church and on the 24th of May at Laugarnes &hellip; <\/p>\n<p class=\"link-more\"><a href=\"https:\/\/sigurdursaevarsson.com\/?page_id=743\" class=\"more-link\">Continue reading<span class=\"screen-reader-text\"> &#8220;Pater noster&#8221;<\/span><\/a><\/p>\n","protected":false},"author":3,"featured_media":0,"parent":3,"menu_order":0,"comment_status":"closed","ping_status":"closed","template":"","meta":{"footnotes":""},"class_list":["post-743","page","type-page","status-publish","hentry"],"_links":{"self":[{"href":"https:\/\/sigurdursaevarsson.com\/index.php?rest_route=\/wp\/v2\/pages\/743","targetHints":{"allow":["GET"]}}],"collection":[{"href":"https:\/\/sigurdursaevarsson.com\/index.php?rest_route=\/wp\/v2\/pages"}],"about":[{"href":"https:\/\/sigurdursaevarsson.com\/index.php?rest_route=\/wp\/v2\/types\/page"}],"author":[{"embeddable":true,"href":"https:\/\/sigurdursaevarsson.com\/index.php?rest_route=\/wp\/v2\/users\/3"}],"replies":[{"embeddable":true,"href":"https:\/\/sigurdursaevarsson.com\/index.php?rest_route=%2Fwp%2Fv2%2Fcomments&post=743"}],"version-history":[{"count":4,"href":"https:\/\/sigurdursaevarsson.com\/index.php?rest_route=\/wp\/v2\/pages\/743\/revisions"}],"predecessor-version":[{"id":849,"href":"https:\/\/sigurdursaevarsson.com\/index.php?rest_route=\/wp\/v2\/pages\/743\/revisions\/849"}],"up":[{"embeddable":true,"href":"https:\/\/sigurdursaevarsson.com\/index.php?rest_route=\/wp\/v2\/pages\/3"}],"wp:attachment":[{"href":"https:\/\/sigurdursaevarsson.com\/index.php?rest_route=%2Fwp%2Fv2%2Fmedia&parent=743"}],"curies":[{"name":"wp","href":"https:\/\/api.w.org\/{rel}","templated":true}]}}