{"id":658,"date":"2016-09-06T09:26:15","date_gmt":"2016-09-06T16:26:15","guid":{"rendered":"https:\/\/sigurdursaevarsson.com\/?page_id=658"},"modified":"2016-09-07T11:41:40","modified_gmt":"2016-09-07T18:41:40","slug":"658-2","status":"publish","type":"page","link":"https:\/\/sigurdursaevarsson.com\/?page_id=658","title":{"rendered":"Requiem"},"content":{"rendered":"<p><a href=\"https:\/\/sigurdursaevarsson.com\/wp-content\/uploads\/2016\/09\/a95bed_1a6cbdfe8a5a40cab8eb188a437b0eaf.jpg\"><img loading=\"lazy\" decoding=\"async\" src=\"https:\/\/sigurdursaevarsson.com\/wp-content\/uploads\/2016\/09\/a95bed_1a6cbdfe8a5a40cab8eb188a437b0eaf-460x273.jpg\" alt=\"a95bed_1a6cbdfe8a5a40cab8eb188a437b0eaf\" width=\"460\" height=\"273\" class=\"alignnone size-large wp-image-659\" srcset=\"https:\/\/sigurdursaevarsson.com\/wp-content\/uploads\/2016\/09\/a95bed_1a6cbdfe8a5a40cab8eb188a437b0eaf-460x273.jpg 460w, https:\/\/sigurdursaevarsson.com\/wp-content\/uploads\/2016\/09\/a95bed_1a6cbdfe8a5a40cab8eb188a437b0eaf-300x178.jpg 300w, https:\/\/sigurdursaevarsson.com\/wp-content\/uploads\/2016\/09\/a95bed_1a6cbdfe8a5a40cab8eb188a437b0eaf.jpg 980w\" sizes=\"auto, (max-width: 460px) 100vw, 460px\" \/><\/a><br \/>\nRequiem<br \/>\n(2016) for mixed choir, Soprano and Tenor solo (30 min.)<br \/>\nThe work is in seven movements and sung in Latin.<br \/>\nThe Requiem was premiered by Schola cantorum chamber choir, conducted by H\u00f6r\u00f0ur \u00c1skelsson, on the 6th of November 2016 in Hallgr\u00edmskirkja<\/p>\n","protected":false},"excerpt":{"rendered":"<p>Requiem (2016) for mixed choir, Soprano and Tenor solo (30 min.) The work is in seven movements and sung in Latin. The Requiem was premiered by Schola cantorum chamber choir, conducted by H\u00f6r\u00f0ur \u00c1skelsson, on the 6th of November 2016 in Hallgr\u00edmskirkja<\/p>\n","protected":false},"author":3,"featured_media":0,"parent":3,"menu_order":0,"comment_status":"open","ping_status":"open","template":"","meta":{"footnotes":""},"class_list":["post-658","page","type-page","status-publish","hentry"],"_links":{"self":[{"href":"https:\/\/sigurdursaevarsson.com\/index.php?rest_route=\/wp\/v2\/pages\/658","targetHints":{"allow":["GET"]}}],"collection":[{"href":"https:\/\/sigurdursaevarsson.com\/index.php?rest_route=\/wp\/v2\/pages"}],"about":[{"href":"https:\/\/sigurdursaevarsson.com\/index.php?rest_route=\/wp\/v2\/types\/page"}],"author":[{"embeddable":true,"href":"https:\/\/sigurdursaevarsson.com\/index.php?rest_route=\/wp\/v2\/users\/3"}],"replies":[{"embeddable":true,"href":"https:\/\/sigurdursaevarsson.com\/index.php?rest_route=%2Fwp%2Fv2%2Fcomments&post=658"}],"version-history":[{"count":4,"href":"https:\/\/sigurdursaevarsson.com\/index.php?rest_route=\/wp\/v2\/pages\/658\/revisions"}],"predecessor-version":[{"id":667,"href":"https:\/\/sigurdursaevarsson.com\/index.php?rest_route=\/wp\/v2\/pages\/658\/revisions\/667"}],"up":[{"embeddable":true,"href":"https:\/\/sigurdursaevarsson.com\/index.php?rest_route=\/wp\/v2\/pages\/3"}],"wp:attachment":[{"href":"https:\/\/sigurdursaevarsson.com\/index.php?rest_route=%2Fwp%2Fv2%2Fmedia&parent=658"}],"curies":[{"name":"wp","href":"https:\/\/api.w.org\/{rel}","templated":true}]}}