{"id":574,"date":"2015-05-02T02:30:58","date_gmt":"2015-05-02T09:30:58","guid":{"rendered":"https:\/\/sigurdursaevarsson.com\/?page_id=574"},"modified":"2015-09-04T06:54:06","modified_gmt":"2015-09-04T13:54:06","slug":"574-2","status":"publish","type":"page","link":"https:\/\/sigurdursaevarsson.com\/?page_id=574","title":{"rendered":"Nunc dimittis"},"content":{"rendered":"<p><img loading=\"lazy\" decoding=\"async\" src=\"https:\/\/sigurdursaevarsson.com\/wp-content\/uploads\/2015\/05\/Simeon-460x405.jpg\" alt=\"Simeon\" width=\"460\" height=\"405\" class=\"alignnone size-large wp-image-575\" srcset=\"https:\/\/sigurdursaevarsson.com\/wp-content\/uploads\/2015\/05\/Simeon-460x405.jpg 460w, https:\/\/sigurdursaevarsson.com\/wp-content\/uploads\/2015\/05\/Simeon-300x264.jpg 300w, https:\/\/sigurdursaevarsson.com\/wp-content\/uploads\/2015\/05\/Simeon.jpg 1000w\" sizes=\"auto, (max-width: 460px) 100vw, 460px\" \/><br \/>\nNunc dimittis<br \/>\n(2015) for mixed choir (5 min.)<br \/>\nPremiered at The Festival of Sacred Arts in Hallgr\u00edmskirkja on the 23rd of August 2015 by Schola Cantorum conducted by H\u00f6r\u00f0ur \u00c1skelsson.<\/p>\n","protected":false},"excerpt":{"rendered":"<p>Nunc dimittis (2015) for mixed choir (5 min.) Premiered at The Festival of Sacred Arts in Hallgr\u00edmskirkja on the 23rd of August 2015 by Schola Cantorum conducted by H\u00f6r\u00f0ur \u00c1skelsson.<\/p>\n","protected":false},"author":3,"featured_media":0,"parent":3,"menu_order":0,"comment_status":"open","ping_status":"open","template":"","meta":{"footnotes":""},"class_list":["post-574","page","type-page","status-publish","hentry"],"_links":{"self":[{"href":"https:\/\/sigurdursaevarsson.com\/index.php?rest_route=\/wp\/v2\/pages\/574","targetHints":{"allow":["GET"]}}],"collection":[{"href":"https:\/\/sigurdursaevarsson.com\/index.php?rest_route=\/wp\/v2\/pages"}],"about":[{"href":"https:\/\/sigurdursaevarsson.com\/index.php?rest_route=\/wp\/v2\/types\/page"}],"author":[{"embeddable":true,"href":"https:\/\/sigurdursaevarsson.com\/index.php?rest_route=\/wp\/v2\/users\/3"}],"replies":[{"embeddable":true,"href":"https:\/\/sigurdursaevarsson.com\/index.php?rest_route=%2Fwp%2Fv2%2Fcomments&post=574"}],"version-history":[{"count":7,"href":"https:\/\/sigurdursaevarsson.com\/index.php?rest_route=\/wp\/v2\/pages\/574\/revisions"}],"predecessor-version":[{"id":600,"href":"https:\/\/sigurdursaevarsson.com\/index.php?rest_route=\/wp\/v2\/pages\/574\/revisions\/600"}],"up":[{"embeddable":true,"href":"https:\/\/sigurdursaevarsson.com\/index.php?rest_route=\/wp\/v2\/pages\/3"}],"wp:attachment":[{"href":"https:\/\/sigurdursaevarsson.com\/index.php?rest_route=%2Fwp%2Fv2%2Fmedia&parent=574"}],"curies":[{"name":"wp","href":"https:\/\/api.w.org\/{rel}","templated":true}]}}