{"id":463,"date":"2012-11-30T07:02:52","date_gmt":"2012-11-30T14:02:52","guid":{"rendered":"https:\/\/sigurdursaevarsson.com\/?page_id=463"},"modified":"2020-01-25T11:47:35","modified_gmt":"2020-01-25T18:47:35","slug":"christmas-oratorio","status":"publish","type":"page","link":"https:\/\/sigurdursaevarsson.com\/?page_id=463","title":{"rendered":"Christmas Oratorio"},"content":{"rendered":"<p><img loading=\"lazy\" decoding=\"async\" class=\"alignnone size-large wp-image-455\" title=\"schola-cantorum\" src=\"https:\/\/sigurdursaevarsson.com\/wp-content\/uploads\/2012\/10\/schola-cantorum-460x690.jpg\" alt=\"schola-cantorum\" width=\"460\" height=\"690\" srcset=\"https:\/\/sigurdursaevarsson.com\/wp-content\/uploads\/2012\/10\/schola-cantorum-460x690.jpg 460w, https:\/\/sigurdursaevarsson.com\/wp-content\/uploads\/2012\/10\/schola-cantorum-200x300.jpg 200w, https:\/\/sigurdursaevarsson.com\/wp-content\/uploads\/2012\/10\/schola-cantorum.jpg 852w\" sizes=\"auto, (max-width: 460px) 100vw, 460px\" \/><br \/>\n(2012) Christmas Oratorio (65 min.)<\/p>\n<p>Maria: mezzo-soprano, Evangelist: bass and choir: S.A.T.B.<\/p>\n<p>Orchestra: oboe, cor anglais, clarinet in b flat, French horn, 1 percussionist (timpani), strings and organ.<\/p>\n<p>Text from The Gospel of Luke and other text from the old and the new Testament and other text. Sung in Latin.<\/p>\n<p>The Christmas Oratorio was premiered in Hallgr\u00edmskirkja on the second of December 2012, by Schola cantorum chamber choir, Caput ensemble, Bj\u00f6rn Steinar S\u00f3lbergsson, organ, Kirstin Erna Bl\u00f6ndal, soprano, J\u00f3hann Sm\u00e1ri S\u00e6varsson, bass, conducted by H\u00f6r\u00f0ur \u00c1skelsson.<\/p>\n","protected":false},"excerpt":{"rendered":"<p>(2012) Christmas Oratorio (65 min.) Maria: mezzo-soprano, Evangelist: bass and choir: S.A.T.B. Orchestra: oboe, cor anglais, clarinet in b flat, French horn, 1 percussionist (timpani), strings and organ. Text from The Gospel of Luke and other text from the old and the new Testament and other text. Sung in Latin. The Christmas Oratorio was premiered &hellip; <\/p>\n<p class=\"link-more\"><a href=\"https:\/\/sigurdursaevarsson.com\/?page_id=463\" class=\"more-link\">Continue reading<span class=\"screen-reader-text\"> &#8220;Christmas Oratorio&#8221;<\/span><\/a><\/p>\n","protected":false},"author":3,"featured_media":0,"parent":3,"menu_order":0,"comment_status":"open","ping_status":"open","template":"","meta":{"footnotes":""},"class_list":["post-463","page","type-page","status-publish","hentry"],"_links":{"self":[{"href":"https:\/\/sigurdursaevarsson.com\/index.php?rest_route=\/wp\/v2\/pages\/463","targetHints":{"allow":["GET"]}}],"collection":[{"href":"https:\/\/sigurdursaevarsson.com\/index.php?rest_route=\/wp\/v2\/pages"}],"about":[{"href":"https:\/\/sigurdursaevarsson.com\/index.php?rest_route=\/wp\/v2\/types\/page"}],"author":[{"embeddable":true,"href":"https:\/\/sigurdursaevarsson.com\/index.php?rest_route=\/wp\/v2\/users\/3"}],"replies":[{"embeddable":true,"href":"https:\/\/sigurdursaevarsson.com\/index.php?rest_route=%2Fwp%2Fv2%2Fcomments&post=463"}],"version-history":[{"count":6,"href":"https:\/\/sigurdursaevarsson.com\/index.php?rest_route=\/wp\/v2\/pages\/463\/revisions"}],"predecessor-version":[{"id":1104,"href":"https:\/\/sigurdursaevarsson.com\/index.php?rest_route=\/wp\/v2\/pages\/463\/revisions\/1104"}],"up":[{"embeddable":true,"href":"https:\/\/sigurdursaevarsson.com\/index.php?rest_route=\/wp\/v2\/pages\/3"}],"wp:attachment":[{"href":"https:\/\/sigurdursaevarsson.com\/index.php?rest_route=%2Fwp%2Fv2%2Fmedia&parent=463"}],"curies":[{"name":"wp","href":"https:\/\/api.w.org\/{rel}","templated":true}]}}