{"id":293,"date":"2010-12-16T11:00:18","date_gmt":"2010-12-16T18:00:18","guid":{"rendered":"https:\/\/sigurdursaevarsson.com\/?page_id=293"},"modified":"2011-02-24T06:13:30","modified_gmt":"2011-02-24T13:13:30","slug":"%c3%beeir-hringdu-hljom%c3%beungum-klukkum","status":"publish","type":"page","link":"https:\/\/sigurdursaevarsson.com\/?page_id=293","title":{"rendered":"\u00deeir hringdu hlj\u00f3m\u00feungum klukkum"},"content":{"rendered":"<p><img loading=\"lazy\" decoding=\"async\" class=\"alignnone size-large wp-image-294\" title=\"motettukor-hallgrimskirkju1\" src=\"https:\/\/sigurdursaevarsson.com\/wp-content\/uploads\/2010\/12\/motettukor-hallgrimskirkju1-460x306.jpg\" alt=\"motettukor-hallgrimskirkju1\" width=\"460\" height=\"306\" srcset=\"https:\/\/sigurdursaevarsson.com\/wp-content\/uploads\/2010\/12\/motettukor-hallgrimskirkju1-460x306.jpg 460w, https:\/\/sigurdursaevarsson.com\/wp-content\/uploads\/2010\/12\/motettukor-hallgrimskirkju1-300x199.jpg 300w, https:\/\/sigurdursaevarsson.com\/wp-content\/uploads\/2010\/12\/motettukor-hallgrimskirkju1.jpg 604w\" sizes=\"auto, (max-width: 460px) 100vw, 460px\" \/><\/p>\n<p>\u00deeir hringdu hlj\u00f3m\u00feungum klukkum<br \/>\n(2010) for mixed choir and organ (4 min.)<\/p>\n<p>Poem by J\u00f3hann J\u00f3nsson (1896-1932)<\/p>\n<p>Premiered by The Motet Choir of Hallgr\u00edmskirkja and Bj\u00f6rn Steinar S\u00f3lbergsson, organ, conducted by H\u00f6r\u00f0ur \u00c1skelsson, 20. of December 2010 on Radio One.<\/p>\n<p>Commissioned by The National Radio of Iceland.<\/p>\n","protected":false},"excerpt":{"rendered":"<p>\u00deeir hringdu hlj\u00f3m\u00feungum klukkum (2010) for mixed choir and organ (4 min.) Poem by J\u00f3hann J\u00f3nsson (1896-1932) Premiered by The Motet Choir of Hallgr\u00edmskirkja and Bj\u00f6rn Steinar S\u00f3lbergsson, organ, conducted by H\u00f6r\u00f0ur \u00c1skelsson, 20. of December 2010 on Radio One. Commissioned by The National Radio of Iceland.<\/p>\n","protected":false},"author":3,"featured_media":0,"parent":3,"menu_order":1,"comment_status":"open","ping_status":"open","template":"","meta":{"footnotes":""},"class_list":["post-293","page","type-page","status-publish","hentry"],"_links":{"self":[{"href":"https:\/\/sigurdursaevarsson.com\/index.php?rest_route=\/wp\/v2\/pages\/293","targetHints":{"allow":["GET"]}}],"collection":[{"href":"https:\/\/sigurdursaevarsson.com\/index.php?rest_route=\/wp\/v2\/pages"}],"about":[{"href":"https:\/\/sigurdursaevarsson.com\/index.php?rest_route=\/wp\/v2\/types\/page"}],"author":[{"embeddable":true,"href":"https:\/\/sigurdursaevarsson.com\/index.php?rest_route=\/wp\/v2\/users\/3"}],"replies":[{"embeddable":true,"href":"https:\/\/sigurdursaevarsson.com\/index.php?rest_route=%2Fwp%2Fv2%2Fcomments&post=293"}],"version-history":[{"count":6,"href":"https:\/\/sigurdursaevarsson.com\/index.php?rest_route=\/wp\/v2\/pages\/293\/revisions"}],"predecessor-version":[{"id":360,"href":"https:\/\/sigurdursaevarsson.com\/index.php?rest_route=\/wp\/v2\/pages\/293\/revisions\/360"}],"up":[{"embeddable":true,"href":"https:\/\/sigurdursaevarsson.com\/index.php?rest_route=\/wp\/v2\/pages\/3"}],"wp:attachment":[{"href":"https:\/\/sigurdursaevarsson.com\/index.php?rest_route=%2Fwp%2Fv2%2Fmedia&parent=293"}],"curies":[{"name":"wp","href":"https:\/\/api.w.org\/{rel}","templated":true}]}}