{"id":22,"date":"2009-05-11T13:41:21","date_gmt":"2009-05-11T20:41:21","guid":{"rendered":"https:\/\/sigurdursaevarsson.com\/?page_id=22"},"modified":"2011-02-24T06:16:18","modified_gmt":"2011-02-24T13:16:18","slug":"z-astarsaga","status":"publish","type":"page","link":"https:\/\/sigurdursaevarsson.com\/?page_id=22","title":{"rendered":"Z-\u00c1starsaga"},"content":{"rendered":"<p><img loading=\"lazy\" decoding=\"async\" class=\"alignnone size-full wp-image-39\" title=\"zastarsaga\" src=\"https:\/\/sigurdursaevarsson.com\/wp-content\/uploads\/2009\/05\/zastarsaga.jpg\" alt=\"zastarsaga\" width=\"460\" height=\"238\" srcset=\"https:\/\/sigurdursaevarsson.com\/wp-content\/uploads\/2009\/05\/zastarsaga.jpg 460w, https:\/\/sigurdursaevarsson.com\/wp-content\/uploads\/2009\/05\/zastarsaga-300x155.jpg 300w\" sizes=\"auto, (max-width: 460px) 100vw, 460px\" \/><\/p>\n<p>Z-\u00e1starsaga (Z-a love story)<br \/>\n(2001) opera in four acts\u00a0(80 min.)<\/p>\n<p>Anna: mezzo-sopran, Z: sopran, Arn\u00fer\u00fa\u00f0ur: sopran<\/p>\n<p>Scored for piano and chamber orchestra<\/p>\n<p>Based on the novel Z-\u00e1starsaga by Vigd\u00eds Gr\u00edmsd\u00f3ttir<\/p>\n<p>The opera was premiered at the Nor\u00f0ur\u00d3p opera festival in Reykjanesb\u00e6r in the fall of 2001<\/p>\n","protected":false},"excerpt":{"rendered":"<p>Z-\u00e1starsaga (Z-a love story) (2001) opera in four acts\u00a0(80 min.) Anna: mezzo-sopran, Z: sopran, Arn\u00fer\u00fa\u00f0ur: sopran Scored for piano and chamber orchestra Based on the novel Z-\u00e1starsaga by Vigd\u00eds Gr\u00edmsd\u00f3ttir The opera was premiered at the Nor\u00f0ur\u00d3p opera festival in Reykjanesb\u00e6r in the fall of 2001<\/p>\n","protected":false},"author":1,"featured_media":0,"parent":3,"menu_order":5,"comment_status":"open","ping_status":"open","template":"","meta":{"footnotes":""},"class_list":["post-22","page","type-page","status-publish","hentry"],"_links":{"self":[{"href":"https:\/\/sigurdursaevarsson.com\/index.php?rest_route=\/wp\/v2\/pages\/22","targetHints":{"allow":["GET"]}}],"collection":[{"href":"https:\/\/sigurdursaevarsson.com\/index.php?rest_route=\/wp\/v2\/pages"}],"about":[{"href":"https:\/\/sigurdursaevarsson.com\/index.php?rest_route=\/wp\/v2\/types\/page"}],"author":[{"embeddable":true,"href":"https:\/\/sigurdursaevarsson.com\/index.php?rest_route=\/wp\/v2\/users\/1"}],"replies":[{"embeddable":true,"href":"https:\/\/sigurdursaevarsson.com\/index.php?rest_route=%2Fwp%2Fv2%2Fcomments&post=22"}],"version-history":[{"count":18,"href":"https:\/\/sigurdursaevarsson.com\/index.php?rest_route=\/wp\/v2\/pages\/22\/revisions"}],"predecessor-version":[{"id":367,"href":"https:\/\/sigurdursaevarsson.com\/index.php?rest_route=\/wp\/v2\/pages\/22\/revisions\/367"}],"up":[{"embeddable":true,"href":"https:\/\/sigurdursaevarsson.com\/index.php?rest_route=\/wp\/v2\/pages\/3"}],"wp:attachment":[{"href":"https:\/\/sigurdursaevarsson.com\/index.php?rest_route=%2Fwp%2Fv2%2Fmedia&parent=22"}],"curies":[{"name":"wp","href":"https:\/\/api.w.org\/{rel}","templated":true}]}}