{"id":18,"date":"2009-05-11T13:39:00","date_gmt":"2009-05-11T20:39:00","guid":{"rendered":"https:\/\/sigurdursaevarsson.com\/?page_id=18"},"modified":"2017-03-01T10:21:42","modified_gmt":"2017-03-01T17:21:42","slug":"hallgrimspassia","status":"publish","type":"page","link":"https:\/\/sigurdursaevarsson.com\/?page_id=18","title":{"rendered":"Hallgr\u00edmspass\u00eda"},"content":{"rendered":"<p><img loading=\"lazy\" decoding=\"async\" class=\"alignnone size-full wp-image-42\" title=\"hallgrimspassia\" src=\"https:\/\/sigurdursaevarsson.com\/wp-content\/uploads\/2009\/05\/hallgrimspassia.jpg\" alt=\"hallgrimspassia\" width=\"300\" height=\"420\" srcset=\"https:\/\/sigurdursaevarsson.com\/wp-content\/uploads\/2009\/05\/hallgrimspassia.jpg 300w, https:\/\/sigurdursaevarsson.com\/wp-content\/uploads\/2009\/05\/hallgrimspassia-214x300.jpg 214w\" sizes=\"auto, (max-width: 300px) 100vw, 300px\" \/><\/p>\n<p>Hallgr\u00edmspass\u00eda (Hallgr\u00edmur\u00b4s Passion)<br \/>\n(2007) oratorio\u00a0(75 min.)<br \/>\nText from The Hymns of Passion by Hallgr\u00edmur P\u00e9tursson<\/p>\n<p>English version, with translation by Gracia Grindal, available.<\/p>\n<p>Hallgr\u00edmur: bass, Jesus: tenor, Pilate: bass, Judas: tenor, Kaifas: tenor, sopran solo and choir: S.A.T.B<\/p>\n<p>Orchestra: flute, bass-flute, oboe,\u00a0clarinet in b flat, basson, 2 French horns, 1 percussionist (timpani,tam-tam, tubular chimes, cymbal and bass drum) and strings.<\/p>\n<p><img loading=\"lazy\" decoding=\"async\" class=\"alignnone size-full wp-image-178\" title=\"hallgrimur_petursson\" src=\"https:\/\/sigurdursaevarsson.com\/wp-content\/uploads\/2009\/05\/hallgrimur_petursson.png\" alt=\"hallgrimur_petursson\" width=\"450\" height=\"313\" srcset=\"https:\/\/sigurdursaevarsson.com\/wp-content\/uploads\/2009\/05\/hallgrimur_petursson.png 450w, https:\/\/sigurdursaevarsson.com\/wp-content\/uploads\/2009\/05\/hallgrimur_petursson-300x208.png 300w\" sizes=\"auto, (max-width: 450px) 100vw, 450px\" \/><\/p>\n<p>Hallgr\u00edmur P\u00e9tursson and the Psalms of the Passion<\/p>\n<p>Hallgr\u00edmur P\u00e9tursson (1614-1674) is one of Iceland\u2019s chief poets. In the minds of many he is first and foremost a religious poet, although his secular poems are also important. Hallgr\u00edmur is notable amongst the other Icelandic psalm-poets in that his poetry has been sung and read more than any other and his most important work, the Psalms of the the Passion, has been sung and read by Icelanders during Lent for centuries. Even today, these meditations on Christ\u2019s Passion are broadcast every day during Lent. The Psalms of the Passion have been published in Iceland more often than any other piece of writing \u2013 about eighty editions \u2013 and been translated into many languages.<\/p>\n<p><img loading=\"lazy\" decoding=\"async\" class=\"alignnone size-large wp-image-51\" title=\"Hallgr\u00edmspass\u00eda\" src=\"https:\/\/sigurdursaevarsson.com\/wp-content\/uploads\/2009\/05\/hp6h1256-copy-460x243.jpg\" alt=\"Hallgr\u00edmspass\u00eda\" width=\"460\" height=\"243\" srcset=\"https:\/\/sigurdursaevarsson.com\/wp-content\/uploads\/2009\/05\/hp6h1256-copy-460x243.jpg 460w, https:\/\/sigurdursaevarsson.com\/wp-content\/uploads\/2009\/05\/hp6h1256-copy-300x158.jpg 300w\" sizes=\"auto, (max-width: 460px) 100vw, 460px\" \/><\/p>\n<p><img loading=\"lazy\" decoding=\"async\" class=\"alignnone size-large wp-image-55\" title=\"Hallgr\u00edmspass\u00eda\" src=\"https:\/\/sigurdursaevarsson.com\/wp-content\/uploads\/2009\/05\/hp6h1265-copy-460x306.jpg\" alt=\"Hallgr\u00edmspass\u00eda\" width=\"460\" height=\"306\" srcset=\"https:\/\/sigurdursaevarsson.com\/wp-content\/uploads\/2009\/05\/hp6h1265-copy-460x306.jpg 460w, https:\/\/sigurdursaevarsson.com\/wp-content\/uploads\/2009\/05\/hp6h1265-copy-300x200.jpg 300w\" sizes=\"auto, (max-width: 460px) 100vw, 460px\" \/><\/p>\n<p><img loading=\"lazy\" decoding=\"async\" class=\"alignnone size-large wp-image-56\" title=\"Hallgr\u00edmspass\u00eda\" src=\"https:\/\/sigurdursaevarsson.com\/wp-content\/uploads\/2009\/05\/hp6h1271-copy-460x324.jpg\" alt=\"Hallgr\u00edmspass\u00eda\" width=\"460\" height=\"324\" srcset=\"https:\/\/sigurdursaevarsson.com\/wp-content\/uploads\/2009\/05\/hp6h1271-copy-460x324.jpg 460w, https:\/\/sigurdursaevarsson.com\/wp-content\/uploads\/2009\/05\/hp6h1271-copy-300x211.jpg 300w\" sizes=\"auto, (max-width: 460px) 100vw, 460px\" \/><br \/>\nHis chair stood by the window which overlooked the church at Keflav\u00edk. Beneath the window was the old radio which took an eternity to warm up. I especially remember him listening to the news, weather forecast and the weekly radio broadcast of the Sunday church service. He sat there, hymn-book in hand, bookmarking the hymns which the announcer said would be sung at the service. He left the singing to the voices on the radio, following them in his hymn-book.<br \/>\nTwo books lay beside the radio; one, the hymn-book, the other containing Hallgr\u00edmur P\u00e9tursson\u2019s Psalms of the Passion. There was a certain seriousness in that room during Lent, when he turned on the radio to listen to the Psalms being read. He sat there, silently following the texts in his own book. The volume on the radio was turned down lower than when he listened to the news. Maybe as a mark of respect for the Passion.<br \/>\nMany years later, as I sat by his deathbed at the hospital \u2013 the day he left this earthly life \u2013 he murmured passages from the Psalms of Passion, as if in his sleep. That he should use his dying breaths to recite the words of Hallgr\u00edmur\u2019s Psalms made a profound impact on me. From that day, there was no question in my mind that I would set them to music.<br \/>\nAt first, I had the idea to write a work that would somehow recall those broadcasts from my youth \u2013 quiet, unostentatious recitation. Yet it was as if Hallgr\u00edmur\u2019s words led me in a completely different direction: I felt his anger and grief. Alliterations and rhyme-schemes suddenly seemed unimportant to me. Rather, I experienced a deep intimacy with the Passion. I became a witness to that Passion.<\/p>\n<p>In memory of my grandfather.<\/p>\n<p><em>Sigur\u00f0ur S\u00e6varsson<\/em><\/p>\n<p><img loading=\"lazy\" decoding=\"async\" class=\"alignnone size-large wp-image-58\" title=\"Hallgr\u00edmspass\u00eda\" src=\"https:\/\/sigurdursaevarsson.com\/wp-content\/uploads\/2009\/05\/hp6h1277-copy1-460x306.jpg\" alt=\"Hallgr\u00edmspass\u00eda\" width=\"460\" height=\"306\" srcset=\"https:\/\/sigurdursaevarsson.com\/wp-content\/uploads\/2009\/05\/hp6h1277-copy1-460x306.jpg 460w, https:\/\/sigurdursaevarsson.com\/wp-content\/uploads\/2009\/05\/hp6h1277-copy1-300x200.jpg 300w\" sizes=\"auto, (max-width: 460px) 100vw, 460px\" \/><\/p>\n<p><img loading=\"lazy\" decoding=\"async\" class=\"alignnone size-large wp-image-120\" title=\"Hallgr\u00edmspass\u00eda\" src=\"https:\/\/sigurdursaevarsson.com\/wp-content\/uploads\/2009\/05\/hp6h1309-460x329.jpg\" alt=\"Hallgr\u00edmspass\u00eda\" width=\"460\" height=\"329\" srcset=\"https:\/\/sigurdursaevarsson.com\/wp-content\/uploads\/2009\/05\/hp6h1309-460x329.jpg 460w, https:\/\/sigurdursaevarsson.com\/wp-content\/uploads\/2009\/05\/hp6h1309-300x214.jpg 300w\" sizes=\"auto, (max-width: 460px) 100vw, 460px\" \/><\/p>\n<p><img loading=\"lazy\" decoding=\"async\" class=\"alignnone size-large wp-image-124\" title=\"Hallgr\u00edmspass\u00eda\" src=\"https:\/\/sigurdursaevarsson.com\/wp-content\/uploads\/2009\/05\/hp6h13391-460x718.jpg\" alt=\"Hallgr\u00edmspass\u00eda\" width=\"460\" height=\"718\" \/><\/p>\n","protected":false},"excerpt":{"rendered":"<p>Hallgr\u00edmspass\u00eda (Hallgr\u00edmur\u00b4s Passion) (2007) oratorio\u00a0(75 min.) Text from The Hymns of Passion by Hallgr\u00edmur P\u00e9tursson English version, with translation by Gracia Grindal, available. Hallgr\u00edmur: bass, Jesus: tenor, Pilate: bass, Judas: tenor, Kaifas: tenor, sopran solo and choir: S.A.T.B Orchestra: flute, bass-flute, oboe,\u00a0clarinet in b flat, basson, 2 French horns, 1 percussionist (timpani,tam-tam, tubular chimes, cymbal &hellip; <\/p>\n<p class=\"link-more\"><a href=\"https:\/\/sigurdursaevarsson.com\/?page_id=18\" class=\"more-link\">Continue reading<span class=\"screen-reader-text\"> &#8220;Hallgr\u00edmspass\u00eda&#8221;<\/span><\/a><\/p>\n","protected":false},"author":1,"featured_media":0,"parent":3,"menu_order":3,"comment_status":"open","ping_status":"open","template":"","meta":{"footnotes":""},"class_list":["post-18","page","type-page","status-publish","hentry"],"_links":{"self":[{"href":"https:\/\/sigurdursaevarsson.com\/index.php?rest_route=\/wp\/v2\/pages\/18","targetHints":{"allow":["GET"]}}],"collection":[{"href":"https:\/\/sigurdursaevarsson.com\/index.php?rest_route=\/wp\/v2\/pages"}],"about":[{"href":"https:\/\/sigurdursaevarsson.com\/index.php?rest_route=\/wp\/v2\/types\/page"}],"author":[{"embeddable":true,"href":"https:\/\/sigurdursaevarsson.com\/index.php?rest_route=\/wp\/v2\/users\/1"}],"replies":[{"embeddable":true,"href":"https:\/\/sigurdursaevarsson.com\/index.php?rest_route=%2Fwp%2Fv2%2Fcomments&post=18"}],"version-history":[{"count":34,"href":"https:\/\/sigurdursaevarsson.com\/index.php?rest_route=\/wp\/v2\/pages\/18\/revisions"}],"predecessor-version":[{"id":718,"href":"https:\/\/sigurdursaevarsson.com\/index.php?rest_route=\/wp\/v2\/pages\/18\/revisions\/718"}],"up":[{"embeddable":true,"href":"https:\/\/sigurdursaevarsson.com\/index.php?rest_route=\/wp\/v2\/pages\/3"}],"wp:attachment":[{"href":"https:\/\/sigurdursaevarsson.com\/index.php?rest_route=%2Fwp%2Fv2%2Fmedia&parent=18"}],"curies":[{"name":"wp","href":"https:\/\/api.w.org\/{rel}","templated":true}]}}