{"id":1454,"date":"2025-08-18T07:53:39","date_gmt":"2025-08-18T14:53:39","guid":{"rendered":"https:\/\/sigurdursaevarsson.com\/?page_id=1454"},"modified":"2025-11-16T03:20:40","modified_gmt":"2025-11-16T10:20:40","slug":"1454-2","status":"publish","type":"page","link":"https:\/\/sigurdursaevarsson.com\/?page_id=1454","title":{"rendered":"Deus, Deus meus"},"content":{"rendered":"\n<figure class=\"wp-block-image size-large\"><img loading=\"lazy\" decoding=\"async\" width=\"1000\" height=\"1333\" src=\"https:\/\/sigurdursaevarsson.com\/wp-content\/uploads\/2025\/05\/Screenshot-2025-05-23-at-09.10.13-1000x1333.png\" alt=\"\" class=\"wp-image-1432\" srcset=\"https:\/\/sigurdursaevarsson.com\/wp-content\/uploads\/2025\/05\/Screenshot-2025-05-23-at-09.10.13-1000x1333.png 1000w, https:\/\/sigurdursaevarsson.com\/wp-content\/uploads\/2025\/05\/Screenshot-2025-05-23-at-09.10.13-460x613.png 460w, https:\/\/sigurdursaevarsson.com\/wp-content\/uploads\/2025\/05\/Screenshot-2025-05-23-at-09.10.13-768x1024.png 768w, https:\/\/sigurdursaevarsson.com\/wp-content\/uploads\/2025\/05\/Screenshot-2025-05-23-at-09.10.13-1152x1536.png 1152w, https:\/\/sigurdursaevarsson.com\/wp-content\/uploads\/2025\/05\/Screenshot-2025-05-23-at-09.10.13.png 1172w\" sizes=\"auto, (max-width: 706px) 89vw, (max-width: 767px) 82vw, 740px\" \/><\/figure>\n\n\n\n<p>Deus, Deus meus<\/p>\n\n\n\n<p>(2025) for S.A.T.B, Tenor solo and string quintet (30 min.)<\/p>\n\n\n\n<p>The composition was commissioned by Sk\u00e1lholt Summer Concerts and premiered at Sk\u00e1lholt by Cantoque-Ensemble, Kord\u00f3-Quintet and Benedikt Kristj\u00e1nsson, tenor, conducted by Steinar Logi Helgason, on the 28th of June 2025<\/p>\n\n\n\n<p><\/p>\n\n\n\n<p><\/p>\n","protected":false},"excerpt":{"rendered":"<p>Deus, Deus meus (2025) for S.A.T.B, Tenor solo and string quintet (30 min.) The composition was commissioned by Sk\u00e1lholt Summer Concerts and premiered at Sk\u00e1lholt by Cantoque-Ensemble, Kord\u00f3-Quintet and Benedikt Kristj\u00e1nsson, tenor, conducted by Steinar Logi Helgason, on the 28th of June 2025<\/p>\n","protected":false},"author":3,"featured_media":0,"parent":0,"menu_order":0,"comment_status":"closed","ping_status":"closed","template":"","meta":{"footnotes":""},"class_list":["post-1454","page","type-page","status-publish","hentry"],"_links":{"self":[{"href":"https:\/\/sigurdursaevarsson.com\/index.php?rest_route=\/wp\/v2\/pages\/1454","targetHints":{"allow":["GET"]}}],"collection":[{"href":"https:\/\/sigurdursaevarsson.com\/index.php?rest_route=\/wp\/v2\/pages"}],"about":[{"href":"https:\/\/sigurdursaevarsson.com\/index.php?rest_route=\/wp\/v2\/types\/page"}],"author":[{"embeddable":true,"href":"https:\/\/sigurdursaevarsson.com\/index.php?rest_route=\/wp\/v2\/users\/3"}],"replies":[{"embeddable":true,"href":"https:\/\/sigurdursaevarsson.com\/index.php?rest_route=%2Fwp%2Fv2%2Fcomments&post=1454"}],"version-history":[{"count":2,"href":"https:\/\/sigurdursaevarsson.com\/index.php?rest_route=\/wp\/v2\/pages\/1454\/revisions"}],"predecessor-version":[{"id":1463,"href":"https:\/\/sigurdursaevarsson.com\/index.php?rest_route=\/wp\/v2\/pages\/1454\/revisions\/1463"}],"wp:attachment":[{"href":"https:\/\/sigurdursaevarsson.com\/index.php?rest_route=%2Fwp%2Fv2%2Fmedia&parent=1454"}],"curies":[{"name":"wp","href":"https:\/\/api.w.org\/{rel}","templated":true}]}}