{"id":1450,"date":"2025-08-18T07:42:10","date_gmt":"2025-08-18T14:42:10","guid":{"rendered":"https:\/\/sigurdursaevarsson.com\/?page_id=1450"},"modified":"2025-11-16T03:20:50","modified_gmt":"2025-11-16T10:20:50","slug":"1450-2","status":"publish","type":"page","link":"https:\/\/sigurdursaevarsson.com\/?page_id=1450","title":{"rendered":"Sonnet 43"},"content":{"rendered":"\n<figure class=\"wp-block-image size-large\"><img loading=\"lazy\" decoding=\"async\" width=\"1000\" height=\"667\" src=\"https:\/\/sigurdursaevarsson.com\/wp-content\/uploads\/2025\/01\/IMG-8196.2e16d0ba.fill-1200x800-1-1000x667.jpg\" alt=\"\" class=\"wp-image-1426\" srcset=\"https:\/\/sigurdursaevarsson.com\/wp-content\/uploads\/2025\/01\/IMG-8196.2e16d0ba.fill-1200x800-1-1000x667.jpg 1000w, https:\/\/sigurdursaevarsson.com\/wp-content\/uploads\/2025\/01\/IMG-8196.2e16d0ba.fill-1200x800-1-460x307.jpg 460w, https:\/\/sigurdursaevarsson.com\/wp-content\/uploads\/2025\/01\/IMG-8196.2e16d0ba.fill-1200x800-1-768x512.jpg 768w, https:\/\/sigurdursaevarsson.com\/wp-content\/uploads\/2025\/01\/IMG-8196.2e16d0ba.fill-1200x800-1.jpg 1200w\" sizes=\"auto, (max-width: 706px) 89vw, (max-width: 767px) 82vw, 740px\" \/><\/figure>\n\n\n\n<p>Sonnet 43<\/p>\n\n\n\n<p>(2025) for soprano and piano (5 min.)<\/p>\n\n\n\n<p>The composition was commissioned by Ragnhei\u00f0ur Ingunn J\u00f3hannsd\u00f3ttir and Eva \u00deyri Hilmarsd\u00f3ttir and premiered by them at T\u00edbr\u00e1 Concert Series on the 30th of March 2025<\/p>\n\n\n\n<p><\/p>\n","protected":false},"excerpt":{"rendered":"<p>Sonnet 43 (2025) for soprano and piano (5 min.) The composition was commissioned by Ragnhei\u00f0ur Ingunn J\u00f3hannsd\u00f3ttir and Eva \u00deyri Hilmarsd\u00f3ttir and premiered by them at T\u00edbr\u00e1 Concert Series on the 30th of March 2025<\/p>\n","protected":false},"author":3,"featured_media":0,"parent":0,"menu_order":0,"comment_status":"closed","ping_status":"closed","template":"","meta":{"footnotes":""},"class_list":["post-1450","page","type-page","status-publish","hentry"],"_links":{"self":[{"href":"https:\/\/sigurdursaevarsson.com\/index.php?rest_route=\/wp\/v2\/pages\/1450","targetHints":{"allow":["GET"]}}],"collection":[{"href":"https:\/\/sigurdursaevarsson.com\/index.php?rest_route=\/wp\/v2\/pages"}],"about":[{"href":"https:\/\/sigurdursaevarsson.com\/index.php?rest_route=\/wp\/v2\/types\/page"}],"author":[{"embeddable":true,"href":"https:\/\/sigurdursaevarsson.com\/index.php?rest_route=\/wp\/v2\/users\/3"}],"replies":[{"embeddable":true,"href":"https:\/\/sigurdursaevarsson.com\/index.php?rest_route=%2Fwp%2Fv2%2Fcomments&post=1450"}],"version-history":[{"count":2,"href":"https:\/\/sigurdursaevarsson.com\/index.php?rest_route=\/wp\/v2\/pages\/1450\/revisions"}],"predecessor-version":[{"id":1465,"href":"https:\/\/sigurdursaevarsson.com\/index.php?rest_route=\/wp\/v2\/pages\/1450\/revisions\/1465"}],"wp:attachment":[{"href":"https:\/\/sigurdursaevarsson.com\/index.php?rest_route=%2Fwp%2Fv2%2Fmedia&parent=1450"}],"curies":[{"name":"wp","href":"https:\/\/api.w.org\/{rel}","templated":true}]}}