{"id":1440,"date":"2025-08-18T07:22:32","date_gmt":"2025-08-18T14:22:32","guid":{"rendered":"https:\/\/sigurdursaevarsson.com\/?page_id=1440"},"modified":"2025-11-16T03:21:17","modified_gmt":"2025-11-16T10:21:17","slug":"hvers-vegna-thessi-thogn","status":"publish","type":"page","link":"https:\/\/sigurdursaevarsson.com\/?page_id=1440","title":{"rendered":"Hvers vegna \u00feessi \u00fe\u00f6gn"},"content":{"rendered":"\n<figure class=\"wp-block-image size-large\"><img loading=\"lazy\" decoding=\"async\" width=\"1000\" height=\"745\" src=\"https:\/\/sigurdursaevarsson.com\/wp-content\/uploads\/2024\/11\/Screenshot-2024-11-05-at-12.36.46-1000x745.png\" alt=\"\" class=\"wp-image-1414\" srcset=\"https:\/\/sigurdursaevarsson.com\/wp-content\/uploads\/2024\/11\/Screenshot-2024-11-05-at-12.36.46-1000x745.png 1000w, https:\/\/sigurdursaevarsson.com\/wp-content\/uploads\/2024\/11\/Screenshot-2024-11-05-at-12.36.46-460x343.png 460w, https:\/\/sigurdursaevarsson.com\/wp-content\/uploads\/2024\/11\/Screenshot-2024-11-05-at-12.36.46-768x572.png 768w, https:\/\/sigurdursaevarsson.com\/wp-content\/uploads\/2024\/11\/Screenshot-2024-11-05-at-12.36.46.png 1264w\" sizes=\"auto, (max-width: 706px) 89vw, (max-width: 767px) 82vw, 740px\" \/><\/figure>\n\n\n\n<p>(2024) for S.A.T.B (4 min.)<\/p>\n\n\n\n<p>The composition was commissioned by The Opera Days Festival and premiered at that festival on the 23rd of October 2024 in Reykjav\u00edk City Hall<\/p>\n","protected":false},"excerpt":{"rendered":"<p>(2024) for S.A.T.B (4 min.) The composition was commissioned by The Opera Days Festival and premiered at that festival on the 23rd of October 2024 in Reykjav\u00edk City Hall<\/p>\n","protected":false},"author":3,"featured_media":0,"parent":0,"menu_order":0,"comment_status":"closed","ping_status":"closed","template":"","meta":{"footnotes":""},"class_list":["post-1440","page","type-page","status-publish","hentry"],"_links":{"self":[{"href":"https:\/\/sigurdursaevarsson.com\/index.php?rest_route=\/wp\/v2\/pages\/1440","targetHints":{"allow":["GET"]}}],"collection":[{"href":"https:\/\/sigurdursaevarsson.com\/index.php?rest_route=\/wp\/v2\/pages"}],"about":[{"href":"https:\/\/sigurdursaevarsson.com\/index.php?rest_route=\/wp\/v2\/types\/page"}],"author":[{"embeddable":true,"href":"https:\/\/sigurdursaevarsson.com\/index.php?rest_route=\/wp\/v2\/users\/3"}],"replies":[{"embeddable":true,"href":"https:\/\/sigurdursaevarsson.com\/index.php?rest_route=%2Fwp%2Fv2%2Fcomments&post=1440"}],"version-history":[{"count":4,"href":"https:\/\/sigurdursaevarsson.com\/index.php?rest_route=\/wp\/v2\/pages\/1440\/revisions"}],"predecessor-version":[{"id":1466,"href":"https:\/\/sigurdursaevarsson.com\/index.php?rest_route=\/wp\/v2\/pages\/1440\/revisions\/1466"}],"wp:attachment":[{"href":"https:\/\/sigurdursaevarsson.com\/index.php?rest_route=%2Fwp%2Fv2%2Fmedia&parent=1440"}],"curies":[{"name":"wp","href":"https:\/\/api.w.org\/{rel}","templated":true}]}}